{"id":6,"date":"2020-11-05T13:35:46","date_gmt":"2020-11-05T12:35:46","guid":{"rendered":"http:\/\/euro-palete.si\/?page_id=6"},"modified":"2024-01-08T07:16:26","modified_gmt":"2024-01-08T06:16:26","slug":"one-page-express","status":"publish","type":"page","link":"https:\/\/www.euro-palete.si\/","title":{"rendered":"Front Page"},"content":{"rendered":"<div id=\"prodaja-palet\" class=\"content-left-image-section\" style=\"background-color: #ffffff;\" data-label=\"Prodaja palet\" data-id=\"content-image-left\" data-category=\"content\">\n<div class=\"gridContainer\">\n<div class=\"row\">\n<div class=\"content-left-image-imgcol\" data-type=\"column\"><img class=\"\" src=\"https:\/\/euro-palete.si\/wp-content\/uploads\/2020\/11\/ponudba1.jpg\" \/><\/div>\n<div class=\"content-left-image-textcol dynamic-color\" data-type=\"column\">\n<h2 class=\"\">PRODAJA PALET<\/h2>\n<p class=\"large_text\"><!-- ######## This is a comment, visible only in the source editor  ######## --><\/p>\n<p class=\"\">Nudimo Vam naslednje vrste rabljenih palet:<\/p>\n<ul class=\"\">\n<li style=\"list-style-type: none;\">\n<ul class=\"\">\n<li>EURO PALETE 80\u00d7120 cm I. kvalitete, svetle<\/li>\n<\/ul>\n<\/li>\n<\/ul>\n<p>\u00a0<\/p>\n<ul class=\"\">\n<li style=\"list-style-type: none;\">\n<ul class=\"\">\n<li>EURO PALETE 80\u00d7120 cm II. kvalitete, temne<\/li>\n<\/ul>\n<\/li>\n<\/ul>\n<p>\u00a0<\/p>\n<ul class=\"\">\n<li style=\"list-style-type: none;\">\n<ul class=\"\">\n<li>PALETE za enkratno uporabo z nizko kocko 80\u00d7120 cm (nosilnost do 400 kg)<\/li>\n<\/ul>\n<\/li>\n<\/ul>\n<p>\u00a0<\/p>\n<ul class=\"\">\n<li style=\"list-style-type: none;\">\n<ul class=\"\">\n<li>PALETE brez \u017eiga z debelo kocko 80\u00d7120 cm (enaka dimenzija kot Euro paleta, vendar brez \u017eiga)<\/li>\n<\/ul>\n<\/li>\n<\/ul>\n<p>\u00a0<\/p>\n<ul class=\"\">\n<li style=\"list-style-type: none;\">\n<ul class=\"\">\n<li>PLASTI\u010cNE PALETE 80\u00d7120 cma<\/li>\n<\/ul>\n<\/li>\n<\/ul>\n<p>\u00a0<\/p>\n<ul class=\"\">\n<li>PALETE 100\u00d7120 cm in ostale\u2026<\/li>\n<\/ul>\n<p class=\"\">Vse rabljene palete so pregledane in funkcionalne.<\/p>\n<p class=\"\">Palete so skladi\u0161\u010dene na prostem (razen Euro palet I. kvalitete) in so izpostavljene vremenskim pogojem. (ob slabem vremenu so palete lahko mokre).<\/p>\n<p class=\"\">Po predhodnjem dogovoru in naro\u010dilu Vam ponujano tudi nove EURO PALETE in EURO PALETE IPPC termi\u010dno obdelane.<\/p>\n<p class=\"\">Za dodatne informacije in naro\u010dila nas kontaktirajte na mail:<\/p>\n<p><a href=\"mailto:info@euro-palete.si\"><strong>info@euro-palete.si<\/strong><\/a>.<\/p>\n<p>\u00a0<\/p>\n<\/div>\n<p>\u00a0<\/p>\n<\/div>\n<p>\u00a0<\/p>\n<\/div>\n<p>\u00a0<\/p>\n<\/div>\n<div id=\"odkup-palet\" class=\"content-right-image-section\" style=\"background-color: #f6f6f6;\" data-label=\"Odkup palet\" data-id=\"content-image-right\" data-category=\"content\">\n<div class=\"gridContainer\">\n<div class=\"content-right-image-gridcol\">\n<div class=\"content-right-image-textcol dynamic-color\" data-type=\"column\">\n<h2 class=\"\">ODKUP PALET<\/h2>\n<p class=\"large_text\">\u00a0<\/p>\n<p class=\"\">Odkupujemo naslednje rabljene palete:<\/p>\n<ul class=\"\">\n<li style=\"list-style-type: none;\">\n<ul class=\"\">\n<li>EURO PALETE 80X120 cm I. kvalitete ali II. kvalitete<\/li>\n<\/ul>\n<\/li>\n<\/ul>\n<p>\u00a0<\/p>\n<ul class=\"\">\n<li style=\"list-style-type: none;\">\n<ul class=\"\">\n<li>PALETE brez \u017eiga z debelo kocko 80\u00d7120 cm (enake kot Euro palete , vendar brez \u017eiga ali pa je \u017eig ponarejen)<\/li>\n<\/ul>\n<\/li>\n<\/ul>\n<p>\u00a0<\/p>\n<ul class=\"\">\n<li style=\"list-style-type: none;\">\n<ul class=\"\">\n<li>PALETE za enkratno uporabo s tanko kocko 80\u00d7120 cm (nosilnost do 400 kg )<\/li>\n<\/ul>\n<\/li>\n<\/ul>\n<p>\u00a0<\/p>\n<ul class=\"\">\n<li style=\"list-style-type: none;\">\n<ul class=\"\">\n<li>PALETE 100\u00d7120 cm in ostale\u2026.<\/li>\n<\/ul>\n<\/li>\n<\/ul>\n<p>\u00a0<\/p>\n<ul class=\"\">\n<li>PLASTI\u010cNE PALETE 80\u00d7120 cm<\/li>\n<\/ul>\n<p class=\"\">Za odkup ostalih dimenzij in kategorij palet je potreben predhoden dogovor.<\/p>\n<p class=\"\">Cena odkupa je odvisna od koli\u010dine in kvalitete palet. V skladu z dogovorom je mo\u017een na\u0161 prevzem palet.<br \/><br \/><span style=\"font-size: 19.98px; font-family: 'Source Sans Pro', sans-serif;\">Delovni \u010das skladi\u0161\u010da: od ponedeljka do petka od 7.00-15.00; kasnej\u0161a dostava je mo\u017ena po predhodnjem dogovoru.<\/span><\/p>\n<p class=\"\">Pla\u010dilni pogoji: TAKOJ\u0160NJE PLA\u010cILO!<\/p>\n<p>\u00a0<\/p>\n<\/div>\n<div class=\"content-right-image-imgcol\" data-type=\"column\"><img class=\"custom-image\" src=\"https:\/\/euro-palete.si\/wp-content\/uploads\/2020\/11\/ponudba1.jpg\" \/><\/div>\n<p>\u00a0<\/p>\n<\/div>\n<p>\u00a0<\/p>\n<\/div>\n<p>\u00a0<\/p>\n<\/div>\n<div id=\"kontakt\" class=\"contact-section-formsection white-text\" data-label=\"Kontakt\" data-id=\"contact-section\" data-category=\"contact\" data-bg=\"transparent\">\n<div class=\"gridContainer\">\n<div class=\"row_224\">\n<div class=\"contact-textrow\">\n<div class=\"contact-textcol dynamic-color\">\n<h2 class=\"\">Kontakt<\/h2>\n<p class=\"white_text\">\u00a0<\/p>\n<p><span style=\"color: #000000;\">Za dodatne informacije in naro\u010dila nas kontaktirajte na mail:\u00a0<\/span><br \/><a href=\"mailto:info@euro-palete.si\"><strong>info@euro-palete.si<\/strong><\/a><br \/><span style=\"color: #000000;\">ali pa izpolnite kontaktni obrazec spodaj.<\/span><\/p>\n<p>\u00a0<\/p>\n<\/div>\n<p>\u00a0<\/p>\n<\/div>\n<p>\u00a0<\/p>\n<\/div>\n<div class=\"contact-formcol\" data-content-shortcode=\"one_page_express_contact_form shortcode=&quot;contact-form-7 id=&amp;amp;quot;5&amp;amp;quot; title=&amp;amp;quot;Contact form 1&amp;amp;quot;&quot;\" data-editable=\"true\"><div role=\"form\" class=\"wpcf7\" id=\"wpcf7-f5-o1\" lang=\"sl-SI\" dir=\"ltr\">\n<div class=\"screen-reader-response\"><p role=\"status\" aria-live=\"polite\" aria-atomic=\"true\"><\/p> <ul><\/ul><\/div>\n<form action=\"\/index.php?rest_route=%2Fwp%2Fv2%2Fpages%2F6#wpcf7-f5-o1\" method=\"post\" class=\"wpcf7-form init\" novalidate=\"novalidate\" data-status=\"init\">\n<div style=\"display: none;\">\n<input type=\"hidden\" name=\"_wpcf7\" value=\"5\" \/>\n<input type=\"hidden\" name=\"_wpcf7_version\" value=\"5.3\" \/>\n<input type=\"hidden\" name=\"_wpcf7_locale\" value=\"sl_SI\" \/>\n<input type=\"hidden\" name=\"_wpcf7_unit_tag\" value=\"wpcf7-f5-o1\" \/>\n<input type=\"hidden\" name=\"_wpcf7_container_post\" value=\"0\" \/>\n<input type=\"hidden\" name=\"_wpcf7_posted_data_hash\" value=\"\" \/>\n<\/div>\n<p><label> Ime in priimek<br \/>\n    <span class=\"wpcf7-form-control-wrap your-name\"><input type=\"text\" name=\"your-name\" value=\"\" size=\"40\" class=\"wpcf7-form-control wpcf7-text wpcf7-validates-as-required\" aria-required=\"true\" aria-invalid=\"false\" \/><\/span> <\/label><\/p>\n<p><label> Va\u0161 email<br \/>\n    <span class=\"wpcf7-form-control-wrap your-email\"><input type=\"email\" name=\"your-email\" value=\"\" size=\"40\" class=\"wpcf7-form-control wpcf7-text wpcf7-email wpcf7-validates-as-required wpcf7-validates-as-email\" aria-required=\"true\" aria-invalid=\"false\" \/><\/span> <\/label><\/p>\n<p><label> Sporo\u010dilo<br \/>\n    <span class=\"wpcf7-form-control-wrap your-message\"><textarea name=\"your-message\" cols=\"40\" rows=\"10\" class=\"wpcf7-form-control wpcf7-textarea wpcf7-validates-as-required\" aria-required=\"true\" aria-invalid=\"false\"><\/textarea><\/span> <\/label><\/p>\n<p><input type=\"submit\" value=\"Po\u0161lji\" class=\"wpcf7-form-control wpcf7-submit\" \/><\/p>\n<div class=\"wpcf7-response-output\" aria-hidden=\"true\"><\/div><\/form><\/div><\/div>\n<p>\u00a0<\/p>\n<\/div>\n<\/div>\n\n\n<p class=\"has-text-align-center has-black-color has-text-color has-small-font-size\">     ARDIUS d.o.o., Bravni\u010darjeva ulica 13, 1000 Ljubljana, mati\u010dna \u0161tevilka: 6613772000, ID \u0161t. za DDV: SI 89608836, osnovni kapital: 22.500,00 EUR, vpisana v sodni register Okro\u017enega sodi\u0161\u010da v Ljubljani pod Srg. \u0161t. 2014\/22073, IBAN TRR \u0161t. SI56 3500 1000 2244 589, odprt pri BKS BANK AG, E: <a href=\"mailto:info@ardius.si\">info@ardius.si<\/a>.<\/p>\n","protected":false},"excerpt":{"rendered":"<p>PRODAJA PALET Nudimo Vam naslednje vrste rabljenih palet: EURO PALETE 80\u00d7120 cm I. kvalitete, svetle \u00a0 EURO PALETE 80\u00d7120 cm II. kvalitete, temne \u00a0 PALETE za enkratno uporabo z nizko kocko 80\u00d7120 cm (nosilnost do 400 kg) \u00a0 PALETE brez \u017eiga z debelo kocko 80\u00d7120 cm (enaka dimenzija kot Euro paleta, vendar brez \u017eiga) \u00a0&hellip; <br \/> <a class=\"button small blue\" href=\"https:\/\/www.euro-palete.si\/\">Read more<\/a><\/p>\n","protected":false},"author":1,"featured_media":0,"parent":0,"menu_order":0,"comment_status":"closed","ping_status":"closed","template":"","meta":[],"_links":{"self":[{"href":"https:\/\/www.euro-palete.si\/index.php?rest_route=\/wp\/v2\/pages\/6"}],"collection":[{"href":"https:\/\/www.euro-palete.si\/index.php?rest_route=\/wp\/v2\/pages"}],"about":[{"href":"https:\/\/www.euro-palete.si\/index.php?rest_route=\/wp\/v2\/types\/page"}],"author":[{"embeddable":true,"href":"https:\/\/www.euro-palete.si\/index.php?rest_route=\/wp\/v2\/users\/1"}],"replies":[{"embeddable":true,"href":"https:\/\/www.euro-palete.si\/index.php?rest_route=%2Fwp%2Fv2%2Fcomments&post=6"}],"version-history":[{"count":24,"href":"https:\/\/www.euro-palete.si\/index.php?rest_route=\/wp\/v2\/pages\/6\/revisions"}],"predecessor-version":[{"id":83,"href":"https:\/\/www.euro-palete.si\/index.php?rest_route=\/wp\/v2\/pages\/6\/revisions\/83"}],"wp:attachment":[{"href":"https:\/\/www.euro-palete.si\/index.php?rest_route=%2Fwp%2Fv2%2Fmedia&parent=6"}],"curies":[{"name":"wp","href":"https:\/\/api.w.org\/{rel}","templated":true}]}}